{"id":2328,"date":"2018-07-21T08:17:03","date_gmt":"2018-07-21T06:17:03","guid":{"rendered":"http:\/\/www.rekonquista.de\/?page_id=2328"},"modified":"2018-07-21T08:17:03","modified_gmt":"2018-07-21T06:17:03","slug":"white-rose-execution-site-in-stadelheim-prison-munich-19431958","status":"publish","type":"page","link":"https:\/\/www.rekonquista.de\/en\/white-rose-execution-site-in-stadelheim-prison-munich-19431958\/","title":{"rendered":"\u201eWhite Rose\u201c. Execution site in Stadelheim Prison (Munich). 1943\/1958"},"content":{"rendered":"<div id=\"primary\" class=\"site-content\">\n<div id=\"content\" role=\"main\">\n<article id=\"post-1779\" class=\"post-1779 page type-page status-publish hentry\">\n<div class=\"entry-content\">\n<p>PRESSEFOTO1: <a href=\"http:\/\/rekonquista.de\/wp-content\/uploads\/2018\/02\/Pressefoto-Weisse-Rose-Scholl-Probst-Huber-Schmorell-Graf-Stadelheim-Muenchen-M\u00fcnchen-Hinrichtungsraum-1943-Panorama.jpg\">Hinrichtungsraum 1943<\/a> \u2013 2,48 MB jpeg<br \/>\nPRESSEFOTO2: <a href=\"http:\/\/rekonquista.de\/wp-content\/uploads\/2018\/02\/Pressefoto-Weisse-Rose-Scholl-Probst-Huber-Schmorell-Graf-Stadelheim-Muenchen-M\u00fcnchen-Hinrichtungsraum-1958-Panorama.jpg\">Hinrichtungsraum 1958<\/a> (Garage) \u2013 2,68 MB jpeg<br \/>\nPRESSEFOTO3: <a href=\"http:\/\/rekonquista.de\/wp-content\/uploads\/2018\/02\/Pressefoto-Weisse-Rose-Scholl-Probst-Huber-Schmorell-Graf-Stadelheim-Muenchen-M\u00fcnchen-Hinrichtungsraum-1943-Vorhang.jpg\">Hinrichtungsraum 1943<\/a> (mit Vorhang) \u2013 1,53 MB jpeg<br \/>\nPRESSEFOTO4: <a href=\"http:\/\/rekonquista.de\/wp-content\/uploads\/2018\/02\/Pressefoto-Weisse-Rose-Scholl-Probst-Huber-Schmorell-Graf-Stadelheim-Muenchen-M\u00fcnchen-Hinrichtungsraum-1958-Panorama-gross.jpg\">Hinrichtungsraum 1958<\/a> (mit rechter Wand) \u2013 2,20 MB jpeg<\/p>\n<p>Wie viele B\u00fccher wurden seit 1945 zur Geschichte der \u201eWei\u00dfen Rose\u201c geschrieben? Wie oft wurden die letzten Minuten der drei wohl bekanntesten Mitglieder vor ihrem Tod beschrieben?<\/p>\n<p>Bisher konnte aber nie der Raum gezeigt werden, in dem die Todesurteile vollstreckt wurden. Wie sah er aus? Wo stand die Enthauptungsmaschine vom Typ \u201eMannhardt\u201c? Wo genau im Raum befand sich der Stahltr\u00e4ger f\u00fcr die Erh\u00e4ngungen?<\/p>\n<p><img decoding=\"async\" loading=\"lazy\" class=\"alignnone size-medium wp-image-2070\" src=\"https:\/\/i0.wp.com\/www.rekonquista.de\/wp-content\/uploads\/2018\/02\/Weisse-Rose-Scholl-Probst-Huber-Schmorell-Graf-Stadelheim-Muenchen-M\u00fcnchen-Hinrichtungsraum-1943-Panorama-4.jpg?resize=625%2C193\" sizes=\"(max-width: 2953px) 100vw, 2953px\" srcset=\"https:\/\/i0.wp.com\/www.rekonquista.de\/wp-content\/uploads\/2018\/02\/Weisse-Rose-Scholl-Probst-Huber-Schmorell-Graf-Stadelheim-Muenchen-M\u00fcnchen-Hinrichtungsraum-1943-Panorama-4.jpg?resize=625%2C193 2953w, http:\/\/www.rekonquista.de\/wp-content\/uploads\/2018\/02\/Weisse-Rose-Scholl-Probst-Huber-Schmorell-Graf-Stadelheim-Muenchen-M\u00fcnchen-Hinrichtungsraum-1943-Panorama-4-300x93.jpg 300w, http:\/\/www.rekonquista.de\/wp-content\/uploads\/2018\/02\/Weisse-Rose-Scholl-Probst-Huber-Schmorell-Graf-Stadelheim-Muenchen-M\u00fcnchen-Hinrichtungsraum-1943-Panorama-4-768x237.jpg 768w, http:\/\/www.rekonquista.de\/wp-content\/uploads\/2018\/02\/Weisse-Rose-Scholl-Probst-Huber-Schmorell-Graf-Stadelheim-Muenchen-M\u00fcnchen-Hinrichtungsraum-1943-Panorama-4-1024x316.jpg 1024w, http:\/\/www.rekonquista.de\/wp-content\/uploads\/2018\/02\/Weisse-Rose-Scholl-Probst-Huber-Schmorell-Graf-Stadelheim-Muenchen-M\u00fcnchen-Hinrichtungsraum-1943-Panorama-4-624x193.jpg 624w\" alt=\"Weisse-Rose-Scholl-Probst-Huber-Schmorell-Graf-Stadelheim-Muenchen-M\u00fcnchen-Hinrichtungsraum-Fallbeil-1943-Panorama\" width=\"625\" height=\"193\" data-recalc-dims=\"1\" \/><img decoding=\"async\" loading=\"lazy\" class=\"alignnone size-medium wp-image-2085\" src=\"https:\/\/i0.wp.com\/www.rekonquista.de\/wp-content\/uploads\/2018\/02\/Weisse-Rose-Scholl-Probst-Huber-Schmorell-Graf-Stadelheim-Muenchen-M\u00fcnchen-Hinrichtungsraum-1958-Panorama-5.jpg?resize=625%2C183\" sizes=\"(max-width: 2953px) 100vw, 2953px\" srcset=\"https:\/\/i0.wp.com\/www.rekonquista.de\/wp-content\/uploads\/2018\/02\/Weisse-Rose-Scholl-Probst-Huber-Schmorell-Graf-Stadelheim-Muenchen-M\u00fcnchen-Hinrichtungsraum-1958-Panorama-5.jpg?resize=625%2C183 2953w, http:\/\/www.rekonquista.de\/wp-content\/uploads\/2018\/02\/Weisse-Rose-Scholl-Probst-Huber-Schmorell-Graf-Stadelheim-Muenchen-M\u00fcnchen-Hinrichtungsraum-1958-Panorama-5-300x88.jpg 300w, http:\/\/www.rekonquista.de\/wp-content\/uploads\/2018\/02\/Weisse-Rose-Scholl-Probst-Huber-Schmorell-Graf-Stadelheim-Muenchen-M\u00fcnchen-Hinrichtungsraum-1958-Panorama-5-768x225.jpg 768w, http:\/\/www.rekonquista.de\/wp-content\/uploads\/2018\/02\/Weisse-Rose-Scholl-Probst-Huber-Schmorell-Graf-Stadelheim-Muenchen-M\u00fcnchen-Hinrichtungsraum-1958-Panorama-5-1024x301.jpg 1024w, http:\/\/www.rekonquista.de\/wp-content\/uploads\/2018\/02\/Weisse-Rose-Scholl-Probst-Huber-Schmorell-Graf-Stadelheim-Muenchen-M\u00fcnchen-Hinrichtungsraum-1958-Panorama-5-624x183.jpg 624w\" alt=\"Weisse-Rose-Scholl-Probst-Huber-Schmorell-Graf-Stadelheim-Muenchen-M\u00fcnchen-Hinrichtungsraum-Fallbeil-1958-Panorama\" width=\"625\" height=\"183\" data-recalc-dims=\"1\" \/><\/p>\n<p>Auf der Basis von Filmaufnahmen des \u201eBR\u201c (Bayerischer Rundfunk) aus dem Jahre 1958 ist nun erstmals ein Panoramablick in den Hinrichtungsraum m\u00f6glich. Fehlende Teile der W\u00e4nde, der Fenster und des Fu\u00dfbodens wurden am Computer erg\u00e4nzt. Wir verweisen auf \u00a724 UrhG (Werke mit einer neuen \u201eGestaltungsh\u00f6he\u201c sowie \u201eAbstand\u201c zum Originalbild).<\/p>\n<p>Neben einer Innenansicht des Hinrichtungsraums \u201eStand: 22.2.1943\u201c \u2013 inklusive der verwendeten Hinrichtungsmaschine vom Typ \u201eMannhardt\u201c und dem Stahltr\u00e4ger f\u00fcr Erh\u00e4ngungen \u2013 zeigen wir den Raum auch \u201eStand: 27.3.1958\u201c mit seinen nach 1945 erfolgten Umbauten bzw. Ver\u00e4nderungen. Die beiden T\u00fcr\u00f6ffnungen wurden zugemauert. Der Raum durch den Einbau eines Garagentores als Kfz-Werkstatt umfunktioniert. Dies ist gesicherte Sachlage \u2013 und keine Erfindung oder willk\u00fcrliche Erg\u00e4nzung. Um 1966 herum wurde der Hinrichtungsraum mit dem direkt angeschlossenen Garagentrakt f\u00fcr einen Gef\u00e4ngnisneubau abgerissen.<br \/>\n\u2014<br \/>\nNeben diesen drei Mitgliedern der \u201eWei\u00dfen Rose\u201c wurden knapp 1.400 weitere Menschen in diesem Raum enthauptet oder erh\u00e4ngt. Auch daran wollen wir erinnern.<\/p>\n<p>Bisher existierte vom Hinrichtungsraum in Stadelheim nur eine Fotografie aus dem Jahr 1956 mit dem stark eingeschr\u00e4nkten Blick auf eine Ecke des Raums. Zum Zeitpunkt 22.2.1943 befand sich nach unseren Recherchen hier der Platz f\u00fcr den Staatsanwalt, den Gef\u00e4ngnisdirektor sowie den Gef\u00e4ngnisarzt; diese sa\u00dfen an einem oder mehreren Tischen.<br \/>\n\u2014<br \/>\nZum Raum selbst: Laut Quellenlage und eigener Recherchen war dieser rund 12 m lang und 4 Meter breit. H\u00f6he: ca. 4 m. Aus Backstein gemauert und im Innern mit Kalkputz versehen. Der Fu\u00dfboden bestand wie in Pl\u00f6tzensee aus Beton-Estrich. Ein Vorhang verdeckte den Blick auf die Fallschwertmaschine.<\/p>\n<p>Wir, die Galerie REKONQUISTA aus N\u00fcrnberg, sind erneut die ersten, die auch zu diesem Kapitel deutscher Geschichte neues Bildmaterial beitragen k\u00f6nnen.<\/p>\n<p><img decoding=\"async\" loading=\"lazy\" class=\"alignnone size-medium wp-image-2070\" src=\"https:\/\/i0.wp.com\/www.rekonquista.de\/wp-content\/uploads\/2018\/02\/Weisse-Rose-Scholl-Probst-Huber-Schmorell-Graf-Stadelheim-Muenchen-M\u00fcnchen-Hinrichtungsraum-1943-Panorama-4.jpg?resize=625%2C193\" sizes=\"(max-width: 2953px) 100vw, 2953px\" srcset=\"https:\/\/i0.wp.com\/www.rekonquista.de\/wp-content\/uploads\/2018\/02\/Weisse-Rose-Scholl-Probst-Huber-Schmorell-Graf-Stadelheim-Muenchen-M\u00fcnchen-Hinrichtungsraum-1943-Panorama-4.jpg?resize=625%2C193 2953w, http:\/\/www.rekonquista.de\/wp-content\/uploads\/2018\/02\/Weisse-Rose-Scholl-Probst-Huber-Schmorell-Graf-Stadelheim-Muenchen-M\u00fcnchen-Hinrichtungsraum-1943-Panorama-4-300x93.jpg 300w, http:\/\/www.rekonquista.de\/wp-content\/uploads\/2018\/02\/Weisse-Rose-Scholl-Probst-Huber-Schmorell-Graf-Stadelheim-Muenchen-M\u00fcnchen-Hinrichtungsraum-1943-Panorama-4-768x237.jpg 768w, http:\/\/www.rekonquista.de\/wp-content\/uploads\/2018\/02\/Weisse-Rose-Scholl-Probst-Huber-Schmorell-Graf-Stadelheim-Muenchen-M\u00fcnchen-Hinrichtungsraum-1943-Panorama-4-1024x316.jpg 1024w, http:\/\/www.rekonquista.de\/wp-content\/uploads\/2018\/02\/Weisse-Rose-Scholl-Probst-Huber-Schmorell-Graf-Stadelheim-Muenchen-M\u00fcnchen-Hinrichtungsraum-1943-Panorama-4-624x193.jpg 624w\" alt=\"\" width=\"625\" height=\"193\" data-recalc-dims=\"1\" \/><br \/>\nDer Blick in den Hinrichtungsraum. Stand: 22.2.1943. Mit der Enthauptungsmaschine und dem aufgezogenen schwarzen Vorhang. An der Decke der Stahltr\u00e4ger f\u00fcr Erh\u00e4ngungen. Links hinten ein Handwaschbecken. Vorne der Tisch f\u00fcr den Staatsanwalt, den Gef\u00e4ngnisdirektor und den Gef\u00e4ngnisarzt.<\/p>\n<p><img decoding=\"async\" loading=\"lazy\" class=\"alignnone size-medium wp-image-2075\" src=\"https:\/\/i0.wp.com\/www.rekonquista.de\/wp-content\/uploads\/2018\/02\/Weisse-Rose-Scholl-Probst-Huber-Schmorell-Graf-Stadelheim-Muenchen-M\u00fcnchen-Hinrichtungsraum-1943-Vorhang-1.jpg?resize=625%2C193\" sizes=\"(max-width: 2953px) 100vw, 2953px\" srcset=\"https:\/\/i0.wp.com\/www.rekonquista.de\/wp-content\/uploads\/2018\/02\/Weisse-Rose-Scholl-Probst-Huber-Schmorell-Graf-Stadelheim-Muenchen-M\u00fcnchen-Hinrichtungsraum-1943-Vorhang-1.jpg?resize=625%2C193 2953w, http:\/\/www.rekonquista.de\/wp-content\/uploads\/2018\/02\/Weisse-Rose-Scholl-Probst-Huber-Schmorell-Graf-Stadelheim-Muenchen-M\u00fcnchen-Hinrichtungsraum-1943-Vorhang-1-300x93.jpg 300w, http:\/\/www.rekonquista.de\/wp-content\/uploads\/2018\/02\/Weisse-Rose-Scholl-Probst-Huber-Schmorell-Graf-Stadelheim-Muenchen-M\u00fcnchen-Hinrichtungsraum-1943-Vorhang-1-768x237.jpg 768w, http:\/\/www.rekonquista.de\/wp-content\/uploads\/2018\/02\/Weisse-Rose-Scholl-Probst-Huber-Schmorell-Graf-Stadelheim-Muenchen-M\u00fcnchen-Hinrichtungsraum-1943-Vorhang-1-1024x316.jpg 1024w, http:\/\/www.rekonquista.de\/wp-content\/uploads\/2018\/02\/Weisse-Rose-Scholl-Probst-Huber-Schmorell-Graf-Stadelheim-Muenchen-M\u00fcnchen-Hinrichtungsraum-1943-Vorhang-1-624x193.jpg 624w\" alt=\"\" width=\"625\" height=\"193\" data-recalc-dims=\"1\" \/><br \/>\nDer Blick auf den zugezogenen schwarzen Vorhang. In dieser Optik sahen die Mitglieder der \u201eWei\u00dfen Rose\u201c sowie weitere rund 1.400 Menschen den Raum das erste Mal.<\/p>\n<p><img decoding=\"async\" loading=\"lazy\" class=\"alignnone size-medium wp-image-2085\" src=\"https:\/\/i0.wp.com\/www.rekonquista.de\/wp-content\/uploads\/2018\/02\/Weisse-Rose-Scholl-Probst-Huber-Schmorell-Graf-Stadelheim-Muenchen-M\u00fcnchen-Hinrichtungsraum-1958-Panorama-5.jpg?resize=625%2C183\" sizes=\"(max-width: 2953px) 100vw, 2953px\" srcset=\"https:\/\/i0.wp.com\/www.rekonquista.de\/wp-content\/uploads\/2018\/02\/Weisse-Rose-Scholl-Probst-Huber-Schmorell-Graf-Stadelheim-Muenchen-M\u00fcnchen-Hinrichtungsraum-1958-Panorama-5.jpg?resize=625%2C183 2953w, http:\/\/www.rekonquista.de\/wp-content\/uploads\/2018\/02\/Weisse-Rose-Scholl-Probst-Huber-Schmorell-Graf-Stadelheim-Muenchen-M\u00fcnchen-Hinrichtungsraum-1958-Panorama-5-300x88.jpg 300w, http:\/\/www.rekonquista.de\/wp-content\/uploads\/2018\/02\/Weisse-Rose-Scholl-Probst-Huber-Schmorell-Graf-Stadelheim-Muenchen-M\u00fcnchen-Hinrichtungsraum-1958-Panorama-5-768x225.jpg 768w, http:\/\/www.rekonquista.de\/wp-content\/uploads\/2018\/02\/Weisse-Rose-Scholl-Probst-Huber-Schmorell-Graf-Stadelheim-Muenchen-M\u00fcnchen-Hinrichtungsraum-1958-Panorama-5-1024x301.jpg 1024w, http:\/\/www.rekonquista.de\/wp-content\/uploads\/2018\/02\/Weisse-Rose-Scholl-Probst-Huber-Schmorell-Graf-Stadelheim-Muenchen-M\u00fcnchen-Hinrichtungsraum-1958-Panorama-5-624x183.jpg 624w\" alt=\"Weisse-Rose-Scholl-Probst-Huber-Schmorell-Graf-Stadelheim-Muenchen-M\u00fcnchen-Hinrichtungsraum-1958-Panorama\" width=\"625\" height=\"183\" data-recalc-dims=\"1\" \/><br \/>\nDer Blick in den Hinrichtungsraum. Stand: 27.3.1958. Die beiden T\u00fcr\u00f6ffnungen wurden nach 1945 zugemauert. Die beiden Fenster an der Schmalseite durch zwei Garagentorfl\u00fcgel ersetzt. Auf die vormals kalkverputzte Wand kam halbhoch eine wasserabweisende Farbe. Der Hinrichtungsraum wurde nach 1949 als Kfz-Werkstatt genutzt. Der Stahltr\u00e4ger f\u00fcr Erh\u00e4ngungen diente sp\u00e4ter zum Hochziehen von Kraftfahrzeugen.<\/p>\n<p><img decoding=\"async\" loading=\"lazy\" class=\"alignnone size-medium wp-image-2061\" src=\"https:\/\/i0.wp.com\/www.rekonquista.de\/wp-content\/uploads\/2018\/02\/Weisse-Rose-Scholl-Probst-Huber-Schmorell-Graf-Stadelheim-Muenchen-M\u00fcnchen-Hinrichtungsraum-1958-Panorama-gross-1.jpg?resize=625%2C133\" sizes=\"(max-width: 2953px) 100vw, 2953px\" srcset=\"https:\/\/i0.wp.com\/www.rekonquista.de\/wp-content\/uploads\/2018\/02\/Weisse-Rose-Scholl-Probst-Huber-Schmorell-Graf-Stadelheim-Muenchen-M\u00fcnchen-Hinrichtungsraum-1958-Panorama-gross-1.jpg?resize=625%2C133 2953w, http:\/\/www.rekonquista.de\/wp-content\/uploads\/2018\/02\/Weisse-Rose-Scholl-Probst-Huber-Schmorell-Graf-Stadelheim-Muenchen-M\u00fcnchen-Hinrichtungsraum-1958-Panorama-gross-1-300x64.jpg 300w, http:\/\/www.rekonquista.de\/wp-content\/uploads\/2018\/02\/Weisse-Rose-Scholl-Probst-Huber-Schmorell-Graf-Stadelheim-Muenchen-M\u00fcnchen-Hinrichtungsraum-1958-Panorama-gross-1-768x163.jpg 768w, http:\/\/www.rekonquista.de\/wp-content\/uploads\/2018\/02\/Weisse-Rose-Scholl-Probst-Huber-Schmorell-Graf-Stadelheim-Muenchen-M\u00fcnchen-Hinrichtungsraum-1958-Panorama-gross-1-1024x218.jpg 1024w, http:\/\/www.rekonquista.de\/wp-content\/uploads\/2018\/02\/Weisse-Rose-Scholl-Probst-Huber-Schmorell-Graf-Stadelheim-Muenchen-M\u00fcnchen-Hinrichtungsraum-1958-Panorama-gross-1-624x133.jpg 624w\" alt=\"\" width=\"625\" height=\"133\" data-recalc-dims=\"1\" \/><br \/>\nPanoramablick in den Hinrichtungsraum. Stand: 27.3.1958. Die Wand rechts war fensterlos. Parallel daneben befand sich ein Garagentrakt mit sechs Sektionen und jeweils identischer Raumgr\u00f6\u00dfe.<\/p>\n<p><img decoding=\"async\" loading=\"lazy\" class=\"alignnone size-medium wp-image-2063\" src=\"https:\/\/i0.wp.com\/www.rekonquista.de\/wp-content\/uploads\/2018\/02\/Weisse-Rose-FIGUREN-Scholl-Probst-Huber-Schmorell-Graf-Stadelheim-Muenchen-M\u00fcnchen-Hinrichtungsraum-1943-Panorama-1.jpg?resize=625%2C193\" sizes=\"(max-width: 2953px) 100vw, 2953px\" srcset=\"https:\/\/i0.wp.com\/www.rekonquista.de\/wp-content\/uploads\/2018\/02\/Weisse-Rose-FIGUREN-Scholl-Probst-Huber-Schmorell-Graf-Stadelheim-Muenchen-M\u00fcnchen-Hinrichtungsraum-1943-Panorama-1.jpg?resize=625%2C193 2953w, http:\/\/www.rekonquista.de\/wp-content\/uploads\/2018\/02\/Weisse-Rose-FIGUREN-Scholl-Probst-Huber-Schmorell-Graf-Stadelheim-Muenchen-M\u00fcnchen-Hinrichtungsraum-1943-Panorama-1-300x93.jpg 300w, http:\/\/www.rekonquista.de\/wp-content\/uploads\/2018\/02\/Weisse-Rose-FIGUREN-Scholl-Probst-Huber-Schmorell-Graf-Stadelheim-Muenchen-M\u00fcnchen-Hinrichtungsraum-1943-Panorama-1-768x237.jpg 768w, http:\/\/www.rekonquista.de\/wp-content\/uploads\/2018\/02\/Weisse-Rose-FIGUREN-Scholl-Probst-Huber-Schmorell-Graf-Stadelheim-Muenchen-M\u00fcnchen-Hinrichtungsraum-1943-Panorama-1-1024x316.jpg 1024w, http:\/\/www.rekonquista.de\/wp-content\/uploads\/2018\/02\/Weisse-Rose-FIGUREN-Scholl-Probst-Huber-Schmorell-Graf-Stadelheim-Muenchen-M\u00fcnchen-Hinrichtungsraum-1943-Panorama-1-624x193.jpg 624w\" alt=\"\" width=\"625\" height=\"193\" data-recalc-dims=\"1\" \/><br \/>\nDer Raum \u201eStand: 22.2.1943\u201c nun mit roten Kontroll-Linien und Figuren im Ma\u00dfstab 1:25. Die Linien wurden parallel gespiegelt. Eine Figur ebenfalls. Das Waschbecken mit seiner Beckenh\u00f6he dient als guter Vergleichsma\u00dfstab. Die richtige H\u00f6he der Enthauptungsmaschine l\u00e4sst sich \u00fcber die Figur (ca. 1,75 m real) gut ermitteln.<br \/>\nZum Ermitteln der richtigen H\u00f6he der Figuren im Verh\u00e4ltnis zur Fensterfront nutzten wir auch das bekannte (und einzige reale) Foto des Hinrichtungsraums in Stadelheim (um 1956 herum); siehe Internet.<\/p>\n<p><img decoding=\"async\" loading=\"lazy\" class=\"alignnone size-medium wp-image-2065\" src=\"https:\/\/i0.wp.com\/www.rekonquista.de\/wp-content\/uploads\/2018\/02\/Weisse-Rose-FIGUREN-Scholl-Probst-Huber-Schmorell-Graf-Stadelheim-Muenchen-M\u00fcnchen-Hinrichtungsraum-1958-Panorama-1.jpg?resize=625%2C184\" sizes=\"(max-width: 2953px) 100vw, 2953px\" srcset=\"https:\/\/i0.wp.com\/www.rekonquista.de\/wp-content\/uploads\/2018\/02\/Weisse-Rose-FIGUREN-Scholl-Probst-Huber-Schmorell-Graf-Stadelheim-Muenchen-M\u00fcnchen-Hinrichtungsraum-1958-Panorama-1.jpg?resize=625%2C184 2953w, http:\/\/www.rekonquista.de\/wp-content\/uploads\/2018\/02\/Weisse-Rose-FIGUREN-Scholl-Probst-Huber-Schmorell-Graf-Stadelheim-Muenchen-M\u00fcnchen-Hinrichtungsraum-1958-Panorama-1-300x88.jpg 300w, http:\/\/www.rekonquista.de\/wp-content\/uploads\/2018\/02\/Weisse-Rose-FIGUREN-Scholl-Probst-Huber-Schmorell-Graf-Stadelheim-Muenchen-M\u00fcnchen-Hinrichtungsraum-1958-Panorama-1-768x226.jpg 768w, http:\/\/www.rekonquista.de\/wp-content\/uploads\/2018\/02\/Weisse-Rose-FIGUREN-Scholl-Probst-Huber-Schmorell-Graf-Stadelheim-Muenchen-M\u00fcnchen-Hinrichtungsraum-1958-Panorama-1-1024x302.jpg 1024w, http:\/\/www.rekonquista.de\/wp-content\/uploads\/2018\/02\/Weisse-Rose-FIGUREN-Scholl-Probst-Huber-Schmorell-Graf-Stadelheim-Muenchen-M\u00fcnchen-Hinrichtungsraum-1958-Panorama-1-624x184.jpg 624w\" alt=\"\" width=\"625\" height=\"184\" data-recalc-dims=\"1\" \/><br \/>\nDer Raum \u201eStand: 27.3.1958\u201c ebenfalls mit Kontroll-Linien und Musterfiguren.<br \/>\nInteressant: die H\u00f6he der wasserfesten Farbe an der Wand entspricht in etwa einer m\u00e4nnlichen Durchschnittsgr\u00f6\u00dfe von 1,75 m. Dies haben wir nicht \u201ehingefummelt\u201c, sondern ist ein Ergebnis der Raum-Rekonstruktion.<\/p>\n<\/div>\n<footer class=\"entry-meta\"><span class=\"edit-link\"><a class=\"post-edit-link\" href=\"http:\/\/www.rekonquista.de\/wp-admin\/post.php?post=1779&amp;action=edit&amp;lang=de\">Bearbeiten<\/a><\/span><\/footer>\n<\/article>\n<div id=\"comments\" class=\"comments-area\"><\/div>\n<\/div>\n<\/div>\n<div id=\"secondary\" class=\"widget-area\" role=\"complementary\">\n<aside id=\"icl_lang_sel_widget-2\" class=\"widget widget_icl_lang_sel_widget\">\n<div class=\"wpml-ls-sidebars-sidebar-1 wpml-ls wpml-ls-legacy-dropdown js-wpml-ls-legacy-dropdown\">\n<ul>\n<li class=\"wpml-ls-slot-sidebar-1 wpml-ls-item wpml-ls-item-de wpml-ls-current-language wpml-ls-first-item wpml-ls-last-item wpml-ls-item-legacy-dropdown\" tabindex=\"0\"><a class=\"js-wpml-ls-item-toggle wpml-ls-item-toggle\" href=\"http:\/\/www.rekonquista.de\/weisse-rose-hinrichtungsraum-im-gefaengnis-stadelheim-19431958\/#\"><img decoding=\"async\" class=\"wpml-ls-flag\" title=\"Deutsch\" src=\"https:\/\/i0.wp.com\/www.rekonquista.de\/wp-content\/plugins\/sitepress-multilingual-cms\/res\/flags\/de.png?w=625\" alt=\"de\" data-recalc-dims=\"1\" \/><span class=\"wpml-ls-native\">Deutsch<\/span><\/a><\/li>\n<\/ul>\n<\/div>\n<\/aside>\n<aside id=\"search-2\" class=\"widget widget_search\">\n<h3 class=\"widget-title\">Search<\/h3>\n<form id=\"searchform\" class=\"searchform\" role=\"search\" action=\"http:\/\/www.rekonquista.de\/\" method=\"get\">\n<div><label class=\"screen-reader-text\" for=\"s\">Suche nach:<\/label> <input id=\"s\" name=\"s\" type=\"text\" value=\"\" \/><\/div>\n<\/form>\n<\/aside>\n<\/div>\n<aside id=\"search-2\" class=\"widget widget_search\">\n<form id=\"searchform\" class=\"searchform\" role=\"search\" action=\"http:\/\/www.rekonquista.de\/\" method=\"get\"><\/form>\n<\/aside>\n<aside id=\"media_video-5\" class=\"widget widget_media_video\">\n<h3 class=\"widget-title\">Kongresshalle N\u00fcrnberg. Innenhof. Drohnen-Flug<\/h3>\n<div class=\"wp-video\"><span class=\"mejs-offscreen\">Video-Player<\/span><\/p>\n<div id=\"mep_0\" class=\"mejs-container svg wp-video-shortcode mejs-video\" tabindex=\"0\" role=\"application\" aria-label=\"Video-Player\">\n<div class=\"mejs-inner\">\n<div class=\"mejs-mediaelement\"><video id=\"video-1779-1\" class=\"wp-video-shortcode\" src=\"http:\/\/www.rekonquista.de\/wp-content\/uploads\/2017\/11\/Drohnen-Flug-2017-Innenhof-Kongresshalle_x264.mp4?_=1\" preload=\"metadata\" width=\"250\" height=\"140\" data-mce-fragment=\"1\"><\/video><\/div>\n<div class=\"mejs-layers\"><\/div>\n<div class=\"mejs-controls\"><\/div>\n<\/div>\n<\/div>\n<\/div>\n<\/aside>\n<div class=\"mejs-time mejs-currenttime-container\" role=\"timer\" aria-live=\"off\"><span class=\"mejs-currenttime\">00:00<\/span><\/div>\n<div class=\"mejs-time-rail\"><\/div>\n<div class=\"mejs-time mejs-duration-container\"><span class=\"mejs-duration\">00:30<\/span><\/div>\n<div class=\"mejs-button mejs-volume-button mejs-mute\"><\/div>\n<div class=\"mejs-button mejs-volume-button mejs-mute\"><\/div>\n<div class=\"mejs-button mejs-fullscreen-button\"><\/div>\n<aside id=\"media_video-5\" class=\"widget widget_media_video\">\n<div class=\"wp-video\"><\/div>\n<\/aside>\n<aside id=\"media_video-7\" class=\"widget widget_media_video\">\n<h3 class=\"widget-title\">Luitpoldarena N\u00fcrnberg. Drohnen-Flug \u00fcber \u201eEhrenhalle\u201c. Blick auf den Park<\/h3>\n<div class=\"wp-video\"><span class=\"mejs-offscreen\">Video-Player<\/span><\/p>\n<div id=\"mep_1\" class=\"mejs-container svg wp-video-shortcode mejs-video\" tabindex=\"0\" role=\"application\" aria-label=\"Video-Player\">\n<div class=\"mejs-inner\">\n<div class=\"mejs-mediaelement\"><video id=\"video-1779-2\" class=\"wp-video-shortcode\" src=\"http:\/\/www.rekonquista.de\/wp-content\/uploads\/2017\/11\/HBS00020_x264.mp4?_=2\" preload=\"metadata\" width=\"250\" height=\"166\" data-mce-fragment=\"1\"><\/video><\/div>\n<div class=\"mejs-layers\"><\/div>\n<div class=\"mejs-controls\"><\/div>\n<\/div>\n<\/div>\n<\/div>\n<\/aside>\n<div class=\"mejs-time mejs-currenttime-container\" role=\"timer\" aria-live=\"off\"><span class=\"mejs-currenttime\">00:00<\/span><\/div>\n<div class=\"mejs-time-rail\"><\/div>\n<div class=\"mejs-time mejs-duration-container\"><span class=\"mejs-duration\">01:11<\/span><\/div>\n<div class=\"mejs-button mejs-volume-button mejs-mute\"><\/div>\n<div class=\"mejs-button mejs-volume-button mejs-mute\"><\/div>\n<div class=\"mejs-button mejs-fullscreen-button\"><\/div>\n<aside id=\"media_video-7\" class=\"widget widget_media_video\">\n<div class=\"wp-video\"><\/div>\n<\/aside>\n<aside id=\"media_video-6\" class=\"widget widget_media_video\">\n<h3 class=\"widget-title\">Fort Souville. Drohnen-Flug. Blick auf die Stadt Verdun<\/h3>\n<div class=\"wp-video\"><span class=\"mejs-offscreen\">Video-Player<\/span><\/p>\n<div id=\"mep_2\" class=\"mejs-container svg wp-video-shortcode mejs-video\" tabindex=\"0\" role=\"application\" aria-label=\"Video-Player\">\n<div class=\"mejs-inner\">\n<div class=\"mejs-mediaelement\"><video id=\"video-1779-3\" class=\"wp-video-shortcode\" src=\"http:\/\/www.rekonquista.de\/wp-content\/uploads\/2017\/11\/Fort-Souville.-Drohnen-Blick-auf-die-Stadt-Verdun_x264.mp4?_=3\" preload=\"metadata\" width=\"250\" height=\"166\" data-mce-fragment=\"1\"><\/video><\/div>\n<div class=\"mejs-layers\"><\/div>\n<div class=\"mejs-controls\"><\/div>\n<\/div>\n<\/div>\n<\/div>\n<\/aside>\n<div class=\"mejs-time mejs-currenttime-container\" role=\"timer\" aria-live=\"off\"><span class=\"mejs-currenttime\">00:00<\/span><\/div>\n<div class=\"mejs-time-rail\"><\/div>\n<div class=\"mejs-time mejs-duration-container\"><span class=\"mejs-duration\">00:20<\/span><\/div>\n<div class=\"mejs-button mejs-volume-button mejs-mute\"><\/div>\n<div class=\"mejs-button mejs-volume-button mejs-mute\"><\/div>\n<div class=\"mejs-button mejs-fullscreen-button\"><\/div>\n<aside id=\"media_video-6\" class=\"widget widget_media_video\">\n<div class=\"wp-video\"><\/div>\n<\/aside>\n<aside id=\"media_video-14\" class=\"widget widget_media_video\">\n<h3 class=\"widget-title\">Lagebaracke \u201eWolfsschanze\u201c. 20. Juli 1944. Attentat<\/h3>\n<div class=\"wp-video\"><span class=\"mejs-offscreen\">Video-Player<\/span><\/p>\n<div id=\"mep_3\" class=\"mejs-container svg wp-video-shortcode mejs-video\" tabindex=\"0\" role=\"application\" aria-label=\"Video-Player\">\n<div class=\"mejs-inner\">\n<div class=\"mejs-mediaelement\"><video id=\"video-1779-4\" class=\"wp-video-shortcode\" src=\"http:\/\/www.rekonquista.de\/wp-content\/uploads\/2017\/11\/Lagebaracke-Wolfsschanze.mp4?_=4\" preload=\"metadata\" width=\"250\" height=\"166\" data-mce-fragment=\"1\"><\/video><\/div>\n<div class=\"mejs-layers\"><\/div>\n<div class=\"mejs-controls\"><\/div>\n<\/div>\n<\/div>\n<\/div>\n<\/aside>\n<div class=\"mejs-time mejs-currenttime-container\" role=\"timer\" aria-live=\"off\"><span class=\"mejs-currenttime\">00:00<\/span><\/div>\n<div class=\"mejs-time-rail\"><\/div>\n<div class=\"mejs-time mejs-duration-container\"><span class=\"mejs-duration\">00:28<\/span><\/div>\n<div class=\"mejs-button mejs-volume-button mejs-mute\"><\/div>\n<div class=\"mejs-button mejs-volume-button mejs-mute\"><\/div>\n<div class=\"mejs-button mejs-fullscreen-button\"><\/div>\n<div id=\"secondary\" class=\"widget-area\" role=\"complementary\"><\/div>\n","protected":false},"excerpt":{"rendered":"<p>PRESSEFOTO1: Hinrichtungsraum 1943 \u2013 2,48 MB jpeg PRESSEFOTO2: Hinrichtungsraum 1958 (Garage) \u2013 2,68 MB jpeg PRESSEFOTO3: Hinrichtungsraum 1943 (mit Vorhang) \u2013 1,53 MB jpeg PRESSEFOTO4: Hinrichtungsraum 1958 (mit rechter Wand) \u2013 2,20 MB jpeg Wie viele B\u00fccher wurden seit 1945 zur Geschichte der \u201eWei\u00dfen Rose\u201c geschrieben? Wie oft wurden die letzten Minuten der drei wohl [&hellip;]<\/p>\n","protected":false},"author":1,"featured_media":0,"parent":0,"menu_order":0,"comment_status":"closed","ping_status":"closed","template":"","meta":{"footnotes":""},"jetpack_sharing_enabled":true,"_links":{"self":[{"href":"https:\/\/www.rekonquista.de\/en\/wp-json\/wp\/v2\/pages\/2328"}],"collection":[{"href":"https:\/\/www.rekonquista.de\/en\/wp-json\/wp\/v2\/pages"}],"about":[{"href":"https:\/\/www.rekonquista.de\/en\/wp-json\/wp\/v2\/types\/page"}],"author":[{"embeddable":true,"href":"https:\/\/www.rekonquista.de\/en\/wp-json\/wp\/v2\/users\/1"}],"replies":[{"embeddable":true,"href":"https:\/\/www.rekonquista.de\/en\/wp-json\/wp\/v2\/comments?post=2328"}],"version-history":[{"count":1,"href":"https:\/\/www.rekonquista.de\/en\/wp-json\/wp\/v2\/pages\/2328\/revisions"}],"predecessor-version":[{"id":2331,"href":"https:\/\/www.rekonquista.de\/en\/wp-json\/wp\/v2\/pages\/2328\/revisions\/2331"}],"wp:attachment":[{"href":"https:\/\/www.rekonquista.de\/en\/wp-json\/wp\/v2\/media?parent=2328"}],"curies":[{"name":"wp","href":"https:\/\/api.w.org\/{rel}","templated":true}]}}