{"id":2332,"date":"2018-07-21T08:21:09","date_gmt":"2018-07-21T06:21:09","guid":{"rendered":"http:\/\/www.rekonquista.de\/?page_id=2332"},"modified":"2018-07-21T15:32:53","modified_gmt":"2018-07-21T13:32:53","slug":"auschwitz-birkenau-superimposing-then-now","status":"publish","type":"page","link":"https:\/\/www.rekonquista.de\/en\/auschwitz-birkenau-superimposing-then-now\/","title":{"rendered":"Auschwitz-Birkenau. Superimposing. Then-Now"},"content":{"rendered":"<div class=\"mejs-button mejs-volume-button mejs-mute\">\n<div id=\"page\" class=\"hfeed site\">\n<header id=\"masthead\" class=\"site-header\" role=\"banner\">\n<nav id=\"site-navigation\" class=\"main-navigation\" role=\"navigation\">Erstmaliges Sichtbar-Machen der alten Geb\u00e4ude \u00fcber den Ruinen-Arealen.<\/nav>\n<\/header>\n<div id=\"main\" class=\"wrapper\">\n<div id=\"primary\" class=\"site-content\">\n<div id=\"content\" role=\"main\">\n<article id=\"post-2096\" class=\"post-2096 page type-page status-publish hentry\">\n<div class=\"entry-content\">\n<p>Nach \u00fcber 20 Jahren erfolgte Anfang Mai 2018 wieder ein Besuch der Gedenkst\u00e4tte Auschwitz-Birkenau. Mit dem entstandenen Fotomaterial in Kombination mit historischen Abbildungen k\u00f6nnen wir nun \u00fcber die jetzigen Ruinen bzw. gesprengten Geb\u00e4ude die urspr\u00fcngliche Geb\u00e4ude-Silhouetten setzen. Die Raumma\u00dfe und -dimensionen werden so im Gel\u00e4nde wieder sichtbar.<\/p>\n<p><strong>Es sei auch hier vorausgeschickt<\/strong>: Der Mord an den nach Auschwitz-Birkenau verschleppten Menschen \u2013 Alte, Frauen und Kinder \u2013 war ein Genozid und ein schreckliches Verbrechen. Wir steuern auch hier neues Bildmaterial bei. In 2017 besuchten rund 2 Mio. Besucher die Gedenkst\u00e4tte in Auschwitz (Polnisch: O\u015bwi\u0119cim).<\/p>\n<p><img decoding=\"async\" loading=\"lazy\" class=\"alignnone wp-image-2105\" src=\"https:\/\/i0.wp.com\/www.rekonquista.de\/wp-content\/uploads\/2018\/05\/Auschwitz-Birkenau-Krematorium-2-II-Ueberblenden-now-then-1943-1944-Photo.jpg?resize=625%2C452\" sizes=\"(max-width: 2362px) 100vw, 2362px\" srcset=\"https:\/\/i0.wp.com\/www.rekonquista.de\/wp-content\/uploads\/2018\/05\/Auschwitz-Birkenau-Krematorium-2-II-Ueberblenden-now-then-1943-1944-Photo.jpg?resize=625%2C452 2362w, http:\/\/www.rekonquista.de\/wp-content\/uploads\/2018\/05\/Auschwitz-Birkenau-Krematorium-2-II-Ueberblenden-now-then-1943-1944-Photo-300x217.jpg 300w, http:\/\/www.rekonquista.de\/wp-content\/uploads\/2018\/05\/Auschwitz-Birkenau-Krematorium-2-II-Ueberblenden-now-then-1943-1944-Photo-768x555.jpg 768w, http:\/\/www.rekonquista.de\/wp-content\/uploads\/2018\/05\/Auschwitz-Birkenau-Krematorium-2-II-Ueberblenden-now-then-1943-1944-Photo-1024x740.jpg 1024w, http:\/\/www.rekonquista.de\/wp-content\/uploads\/2018\/05\/Auschwitz-Birkenau-Krematorium-2-II-Ueberblenden-now-then-1943-1944-Photo-624x451.jpg 624w\" alt=\"Auschwitz-Birkenau-Krematorium-2-II-superimpose-now-then-1943-1944-Photo\" width=\"625\" height=\"452\" data-recalc-dims=\"1\" \/>Die \u00f6stliche Seite des Krematoriums II: \u00dcber dem Ruinen-Areal ist die alte Geb\u00e4ude-Silhouette zu sehen. Reste der gesprengten Decke des Geb\u00e4udes sind in der Bildmitte zu sehen.<\/p>\n<p><img decoding=\"async\" loading=\"lazy\" class=\"alignnone wp-image-2107\" src=\"https:\/\/i0.wp.com\/www.rekonquista.de\/wp-content\/uploads\/2018\/05\/Auschwitz-Birkenau-Krematorium-2-II-Westseite-Ueberblenden-now-then-1943-1944-Photo.jpg?resize=625%2C452\" sizes=\"(max-width: 2362px) 100vw, 2362px\" srcset=\"https:\/\/i0.wp.com\/www.rekonquista.de\/wp-content\/uploads\/2018\/05\/Auschwitz-Birkenau-Krematorium-2-II-Westseite-Ueberblenden-now-then-1943-1944-Photo.jpg?resize=625%2C452 2362w, http:\/\/www.rekonquista.de\/wp-content\/uploads\/2018\/05\/Auschwitz-Birkenau-Krematorium-2-II-Westseite-Ueberblenden-now-then-1943-1944-Photo-300x217.jpg 300w, http:\/\/www.rekonquista.de\/wp-content\/uploads\/2018\/05\/Auschwitz-Birkenau-Krematorium-2-II-Westseite-Ueberblenden-now-then-1943-1944-Photo-768x555.jpg 768w, http:\/\/www.rekonquista.de\/wp-content\/uploads\/2018\/05\/Auschwitz-Birkenau-Krematorium-2-II-Westseite-Ueberblenden-now-then-1943-1944-Photo-1024x740.jpg 1024w, http:\/\/www.rekonquista.de\/wp-content\/uploads\/2018\/05\/Auschwitz-Birkenau-Krematorium-2-II-Westseite-Ueberblenden-now-then-1943-1944-Photo-624x451.jpg 624w\" alt=\"Auschwitz-Birkenau-Krematorium-2-II-superimpose-now-then-1943-1944-Photo\" width=\"625\" height=\"452\" data-recalc-dims=\"1\" \/>Die westliche Seite des Krematoriums II: Im Vordergrund ist der der fr\u00fchere Auskleidebereich zu sehen.<\/p>\n<p><img decoding=\"async\" loading=\"lazy\" class=\"alignnone wp-image-2190\" src=\"https:\/\/i0.wp.com\/www.rekonquista.de\/wp-content\/uploads\/2018\/05\/Auschwitz-Birkenau-Krematorium-2-II-Oefen-\u00d6fen-Ueberblenden-now-then-1943-1944-Photo.jpg?resize=625%2C452\" sizes=\"(max-width: 2362px) 100vw, 2362px\" srcset=\"https:\/\/i0.wp.com\/www.rekonquista.de\/wp-content\/uploads\/2018\/05\/Auschwitz-Birkenau-Krematorium-2-II-Oefen-\u00d6fen-Ueberblenden-now-then-1943-1944-Photo.jpg?resize=625%2C452 2362w, http:\/\/www.rekonquista.de\/wp-content\/uploads\/2018\/05\/Auschwitz-Birkenau-Krematorium-2-II-Oefen-\u00d6fen-Ueberblenden-now-then-1943-1944-Photo-300x217.jpg 300w, http:\/\/www.rekonquista.de\/wp-content\/uploads\/2018\/05\/Auschwitz-Birkenau-Krematorium-2-II-Oefen-\u00d6fen-Ueberblenden-now-then-1943-1944-Photo-768x555.jpg 768w, http:\/\/www.rekonquista.de\/wp-content\/uploads\/2018\/05\/Auschwitz-Birkenau-Krematorium-2-II-Oefen-\u00d6fen-Ueberblenden-now-then-1943-1944-Photo-1024x740.jpg 1024w, http:\/\/www.rekonquista.de\/wp-content\/uploads\/2018\/05\/Auschwitz-Birkenau-Krematorium-2-II-Oefen-\u00d6fen-Ueberblenden-now-then-1943-1944-Photo-624x451.jpg 624w\" alt=\"Auschwitz-Birkenau-Krematorium-2-II-superimpose-now-then-oven-1943-1944-Photo\" width=\"625\" height=\"452\" data-recalc-dims=\"1\" \/>Die Blickrichtung nach Osten des Krematoriums II: Hier \u00fcberblenden wir ein Foto von 1943 mit der weitestehend \u00e4hnlichen Bildperspektive von 2018. Die noch vorhandenen Schienen auf dem Betonboden dienen als Vergleichsma\u00df. Durch die Absperrungen konnten wir nicht nicht n\u00e4her herankommen \u2013 und mussten diesen Blickwinkel nehmen.<\/p>\n<p><img decoding=\"async\" loading=\"lazy\" class=\"alignnone wp-image-2103\" src=\"https:\/\/i0.wp.com\/www.rekonquista.de\/wp-content\/uploads\/2018\/05\/Auschwitz-Birkenau-Krematorium-2-II-Suedseite-Ueberblenden-now-then-1943-1944-Photo.jpg?resize=625%2C452\" sizes=\"(max-width: 2362px) 100vw, 2362px\" srcset=\"https:\/\/i0.wp.com\/www.rekonquista.de\/wp-content\/uploads\/2018\/05\/Auschwitz-Birkenau-Krematorium-2-II-Suedseite-Ueberblenden-now-then-1943-1944-Photo.jpg?resize=625%2C452 2362w, http:\/\/www.rekonquista.de\/wp-content\/uploads\/2018\/05\/Auschwitz-Birkenau-Krematorium-2-II-Suedseite-Ueberblenden-now-then-1943-1944-Photo-300x217.jpg 300w, http:\/\/www.rekonquista.de\/wp-content\/uploads\/2018\/05\/Auschwitz-Birkenau-Krematorium-2-II-Suedseite-Ueberblenden-now-then-1943-1944-Photo-768x555.jpg 768w, http:\/\/www.rekonquista.de\/wp-content\/uploads\/2018\/05\/Auschwitz-Birkenau-Krematorium-2-II-Suedseite-Ueberblenden-now-then-1943-1944-Photo-1024x740.jpg 1024w, http:\/\/www.rekonquista.de\/wp-content\/uploads\/2018\/05\/Auschwitz-Birkenau-Krematorium-2-II-Suedseite-Ueberblenden-now-then-1943-1944-Photo-624x451.jpg 624w\" alt=\"Auschwitz-Birkenau-Krematorium-2-II-superimpose-now-then-1943-1944-Photo\" width=\"625\" height=\"452\" data-recalc-dims=\"1\" \/>Die s\u00fcdliche Seite des Krematoriums II: Die komplette r\u00fcckw\u00e4rtige Geb\u00e4udefront ist zu erkennen. Im Vordergrund sind zerfallene Kl\u00e4rbecken zu sehen. im Hintergrund Besucher der Gedenkst\u00e4tte. Wir suchten f\u00fcr das Foto den genauen Standort des Fotografen vom Sommer 1943.<\/p>\n<p><img decoding=\"async\" loading=\"lazy\" class=\"alignnone wp-image-2101\" src=\"https:\/\/i0.wp.com\/www.rekonquista.de\/wp-content\/uploads\/2018\/05\/Auschwitz-Birkenau-Krematorium-2-II-Nordseite-Ueberblenden-now-then-1943-1944-Photo.jpg?resize=625%2C250\" sizes=\"(max-width: 2362px) 100vw, 2362px\" srcset=\"https:\/\/i0.wp.com\/www.rekonquista.de\/wp-content\/uploads\/2018\/05\/Auschwitz-Birkenau-Krematorium-2-II-Nordseite-Ueberblenden-now-then-1943-1944-Photo.jpg?resize=625%2C250 2362w, http:\/\/www.rekonquista.de\/wp-content\/uploads\/2018\/05\/Auschwitz-Birkenau-Krematorium-2-II-Nordseite-Ueberblenden-now-then-1943-1944-Photo-300x120.jpg 300w, http:\/\/www.rekonquista.de\/wp-content\/uploads\/2018\/05\/Auschwitz-Birkenau-Krematorium-2-II-Nordseite-Ueberblenden-now-then-1943-1944-Photo-768x307.jpg 768w, http:\/\/www.rekonquista.de\/wp-content\/uploads\/2018\/05\/Auschwitz-Birkenau-Krematorium-2-II-Nordseite-Ueberblenden-now-then-1943-1944-Photo-1024x409.jpg 1024w, http:\/\/www.rekonquista.de\/wp-content\/uploads\/2018\/05\/Auschwitz-Birkenau-Krematorium-2-II-Nordseite-Ueberblenden-now-then-1943-1944-Photo-624x249.jpg 624w\" alt=\"Auschwitz-Birkenau-Krematorium-2-II-superimpose-now-then-1943-1944-Photo\" width=\"625\" height=\"250\" data-recalc-dims=\"1\" \/>Die n\u00f6rdliche Seite des Krematoriums II: Dies war gewisserma\u00dfen die \u201eSchauseite\u201c.<\/p>\n<p><img decoding=\"async\" loading=\"lazy\" class=\"alignnone wp-image-2176\" src=\"https:\/\/i0.wp.com\/www.rekonquista.de\/wp-content\/uploads\/2018\/05\/Auschwitz-Birkenau-Krematorium-3-III-Ueberblenden-now-then-1944-Photo-2.jpg?resize=625%2C452\" sizes=\"(max-width: 2362px) 100vw, 2362px\" srcset=\"https:\/\/i0.wp.com\/www.rekonquista.de\/wp-content\/uploads\/2018\/05\/Auschwitz-Birkenau-Krematorium-3-III-Ueberblenden-now-then-1944-Photo-2.jpg?resize=625%2C452 2362w, http:\/\/www.rekonquista.de\/wp-content\/uploads\/2018\/05\/Auschwitz-Birkenau-Krematorium-3-III-Ueberblenden-now-then-1944-Photo-2-300x217.jpg 300w, http:\/\/www.rekonquista.de\/wp-content\/uploads\/2018\/05\/Auschwitz-Birkenau-Krematorium-3-III-Ueberblenden-now-then-1944-Photo-2-768x555.jpg 768w, http:\/\/www.rekonquista.de\/wp-content\/uploads\/2018\/05\/Auschwitz-Birkenau-Krematorium-3-III-Ueberblenden-now-then-1944-Photo-2-1024x740.jpg 1024w, http:\/\/www.rekonquista.de\/wp-content\/uploads\/2018\/05\/Auschwitz-Birkenau-Krematorium-3-III-Ueberblenden-now-then-1944-Photo-2-624x451.jpg 624w\" alt=\"Auschwitz-Birkenau-Krematorium-3-III-superimpose-now-then-1943-1944-Photo\" width=\"625\" height=\"452\" data-recalc-dims=\"1\" \/>Die s\u00fcdliche Seite des Krematoriums III: Auf der Basis eines Fotos vom Mai\/Juni 1944 verl\u00e4ngerten wir die Geb\u00e4udefront nach links und bauten nahezu identisch eine aktuelle Farbaufnahme ein (siehe Schienen). Der damalige Fotograf muss auf einem Schemel oder einer Leiter gestanden haben, um diese Bildperspektive erzielen zu k\u00f6nnen.<\/p>\n<p><img decoding=\"async\" loading=\"lazy\" class=\"alignnone wp-image-2129\" src=\"https:\/\/i0.wp.com\/www.rekonquista.de\/wp-content\/uploads\/2018\/05\/Auschwitz-Birkenau-Krematorium-4-IV-Waeldchen-1944-Ungarn-Aktion-Ueberblenden-now-then-Photo.jpg?resize=625%2C452\" alt=\"Auschwitz-Birkenau-Krematorium-4-IV-superimpose-now-then-1943-1944-Photo\" width=\"625\" height=\"452\" data-recalc-dims=\"1\" \/>Das Waldst\u00fcck in der N\u00e4he des Krematoriums IV: Dort mussten die Menschen warten. Wir m\u00f6chten dem M\u00e4dchen vorne rechts ein Denkmal setzen. Es zeigt mit seinen ineinander gelegten H\u00e4nden und dem Gesichsausdruck seine ganze Unschuld. Das Foto stammt aus dem Mai\/Juni 1944. Der genaue Fotopunkt l\u00e4sst sich nicht mehr ermitteln. Der schmale Weg diagnol durch das Schwarz-Bild dient als Orientierung zum Einbau der aktuellen Aufnahme.<\/p>\n<p><img decoding=\"async\" loading=\"lazy\" class=\"alignnone wp-image-2169\" src=\"https:\/\/i0.wp.com\/www.rekonquista.de\/wp-content\/uploads\/2018\/05\/Auschwitz-Birkenau-Krematorium-4-IV-Ueberblenden-now-then-1943-Photo-5.jpg?resize=625%2C452\" sizes=\"(max-width: 2362px) 100vw, 2362px\" srcset=\"https:\/\/i0.wp.com\/www.rekonquista.de\/wp-content\/uploads\/2018\/05\/Auschwitz-Birkenau-Krematorium-4-IV-Ueberblenden-now-then-1943-Photo-5.jpg?resize=625%2C452 2362w, http:\/\/www.rekonquista.de\/wp-content\/uploads\/2018\/05\/Auschwitz-Birkenau-Krematorium-4-IV-Ueberblenden-now-then-1943-Photo-5-300x217.jpg 300w, http:\/\/www.rekonquista.de\/wp-content\/uploads\/2018\/05\/Auschwitz-Birkenau-Krematorium-4-IV-Ueberblenden-now-then-1943-Photo-5-768x555.jpg 768w, http:\/\/www.rekonquista.de\/wp-content\/uploads\/2018\/05\/Auschwitz-Birkenau-Krematorium-4-IV-Ueberblenden-now-then-1943-Photo-5-1024x740.jpg 1024w, http:\/\/www.rekonquista.de\/wp-content\/uploads\/2018\/05\/Auschwitz-Birkenau-Krematorium-4-IV-Ueberblenden-now-then-1943-Photo-5-624x451.jpg 624w\" alt=\"\" width=\"625\" height=\"452\" data-recalc-dims=\"1\" \/>Die s\u00fcd\u00f6stliche Seite des Krematoriums IV: \u00dcber die Backsteinreste der W\u00e4nde setzten wir so passgenau wie m\u00f6glich die urspr\u00fcngliche Geb\u00e4udesilhouette. Das Geb\u00e4ude bestand aus unverputzten roten Backsteinw\u00e4nden und dunklen Dachziegeln. Das Originalfoto stammt aus dem Sommer 1943.<\/p>\n<p><img decoding=\"async\" loading=\"lazy\" class=\"alignnone wp-image-2121\" src=\"https:\/\/i0.wp.com\/www.rekonquista.de\/wp-content\/uploads\/2018\/05\/Auschwitz-Birkenau-Krematorium-5-V-Ueberblenden-now-then-1943-Photo.jpg?resize=625%2C452\" sizes=\"(max-width: 2362px) 100vw, 2362px\" srcset=\"https:\/\/i0.wp.com\/www.rekonquista.de\/wp-content\/uploads\/2018\/05\/Auschwitz-Birkenau-Krematorium-5-V-Ueberblenden-now-then-1943-Photo.jpg?resize=625%2C452 2362w, http:\/\/www.rekonquista.de\/wp-content\/uploads\/2018\/05\/Auschwitz-Birkenau-Krematorium-5-V-Ueberblenden-now-then-1943-Photo-300x217.jpg 300w, http:\/\/www.rekonquista.de\/wp-content\/uploads\/2018\/05\/Auschwitz-Birkenau-Krematorium-5-V-Ueberblenden-now-then-1943-Photo-768x555.jpg 768w, http:\/\/www.rekonquista.de\/wp-content\/uploads\/2018\/05\/Auschwitz-Birkenau-Krematorium-5-V-Ueberblenden-now-then-1943-Photo-1024x740.jpg 1024w, http:\/\/www.rekonquista.de\/wp-content\/uploads\/2018\/05\/Auschwitz-Birkenau-Krematorium-5-V-Ueberblenden-now-then-1943-Photo-624x451.jpg 624w\" alt=\"Auschwitz-Birkenau-Krematorium-5-V-superimpose-now-then-1943-1944-Photo\" width=\"625\" height=\"452\" data-recalc-dims=\"1\" \/>Die nord\u00f6stliche Seite des Krematoriums V: \u00dcber die Backsteinreste der W\u00e4nde setzten wir so passgenau wie m\u00f6glich die urspr\u00fcngliche Geb\u00e4udesilhouette.<\/p>\n<p><img decoding=\"async\" loading=\"lazy\" class=\"alignnone wp-image-2132\" src=\"https:\/\/i0.wp.com\/www.rekonquista.de\/wp-content\/uploads\/2018\/05\/Auschwitz-Birkenau-Krematorium-5-V-Ueberblenden-now-then-1944-Ungarn-Aktion-Photo1.jpg?resize=625%2C864\" sizes=\"(max-width: 1708px) 100vw, 1708px\" srcset=\"https:\/\/i0.wp.com\/www.rekonquista.de\/wp-content\/uploads\/2018\/05\/Auschwitz-Birkenau-Krematorium-5-V-Ueberblenden-now-then-1944-Ungarn-Aktion-Photo1.jpg?resize=625%2C864 1708w, http:\/\/www.rekonquista.de\/wp-content\/uploads\/2018\/05\/Auschwitz-Birkenau-Krematorium-5-V-Ueberblenden-now-then-1944-Ungarn-Aktion-Photo1-217x300.jpg 217w, http:\/\/www.rekonquista.de\/wp-content\/uploads\/2018\/05\/Auschwitz-Birkenau-Krematorium-5-V-Ueberblenden-now-then-1944-Ungarn-Aktion-Photo1-768x1062.jpg 768w, http:\/\/www.rekonquista.de\/wp-content\/uploads\/2018\/05\/Auschwitz-Birkenau-Krematorium-5-V-Ueberblenden-now-then-1944-Ungarn-Aktion-Photo1-740x1024.jpg 740w, http:\/\/www.rekonquista.de\/wp-content\/uploads\/2018\/05\/Auschwitz-Birkenau-Krematorium-5-V-Ueberblenden-now-then-1944-Ungarn-Aktion-Photo1-624x863.jpg 624w\" alt=\"Auschwitz-Birkenau-Krematorium-5-V-superimpose-Hungaria-now-then-1943-1944-Photo\" width=\"625\" height=\"864\" data-recalc-dims=\"1\" \/>Im Sommer 1944 gelang es einem Mitglied des \u201eSonderkommandos\u201c, zwei Fotos einer Leichenverbrennung im Freien zu schie\u00dfen. Hier sein erstes Motiv. Er stand dabei in einer T\u00fcr\u00f6ffnung des Krematoriums V nach Norden hin. Dieser Bereich l\u00e4sst sich noch lokalisieren.<\/p>\n<p><img decoding=\"async\" loading=\"lazy\" class=\"alignnone wp-image-2134\" src=\"https:\/\/i0.wp.com\/www.rekonquista.de\/wp-content\/uploads\/2018\/05\/Auschwitz-Birkenau-Krematorium-5-V-Ueberblenden-now-then-1944-Ungarn-Aktion-Photo2.jpg?resize=625%2C864\" sizes=\"(max-width: 1708px) 100vw, 1708px\" srcset=\"https:\/\/i0.wp.com\/www.rekonquista.de\/wp-content\/uploads\/2018\/05\/Auschwitz-Birkenau-Krematorium-5-V-Ueberblenden-now-then-1944-Ungarn-Aktion-Photo2.jpg?resize=625%2C864 1708w, http:\/\/www.rekonquista.de\/wp-content\/uploads\/2018\/05\/Auschwitz-Birkenau-Krematorium-5-V-Ueberblenden-now-then-1944-Ungarn-Aktion-Photo2-217x300.jpg 217w, http:\/\/www.rekonquista.de\/wp-content\/uploads\/2018\/05\/Auschwitz-Birkenau-Krematorium-5-V-Ueberblenden-now-then-1944-Ungarn-Aktion-Photo2-768x1062.jpg 768w, http:\/\/www.rekonquista.de\/wp-content\/uploads\/2018\/05\/Auschwitz-Birkenau-Krematorium-5-V-Ueberblenden-now-then-1944-Ungarn-Aktion-Photo2-740x1024.jpg 740w, http:\/\/www.rekonquista.de\/wp-content\/uploads\/2018\/05\/Auschwitz-Birkenau-Krematorium-5-V-Ueberblenden-now-then-1944-Ungarn-Aktion-Photo2-624x863.jpg 624w\" alt=\"Auschwitz-Birkenau-Krematorium-5-V-superimpose-Hungaria-now-then-1943-1944-Photo\" width=\"625\" height=\"864\" data-recalc-dims=\"1\" \/>Im Sommer 1944 gelang es einem Mitglied des \u201eSonderkommandos\u201c, zwei Fotos einer Leichenverbrennung im Freien zu schie\u00dfen. Hier sein zweites Motiv. Er stand dabei in einer T\u00fcr\u00f6ffnung des Krematoriums V. Dieser Bereich l\u00e4sst sich noch lokalisieren.<\/p>\n<\/div>\n<footer class=\"entry-meta\"><span class=\"edit-link\"><a class=\"post-edit-link\" href=\"http:\/\/www.rekonquista.de\/wp-admin\/post.php?post=2096&amp;action=edit&amp;lang=de\">Bearbeiten<\/a><\/span><\/footer>\n<\/article>\n<div id=\"comments\" class=\"comments-area\"><\/div>\n<\/div>\n<\/div>\n<div id=\"secondary\" class=\"widget-area\" role=\"complementary\">\n<aside id=\"icl_lang_sel_widget-2\" class=\"widget widget_icl_lang_sel_widget\"><\/aside>\n<aside id=\"search-2\" class=\"widget widget_search\">\n<form id=\"searchform\" class=\"searchform\" role=\"search\" action=\"http:\/\/www.rekonquista.de\/\" method=\"get\">\n<div><\/div>\n<\/form>\n<\/aside>\n<\/div>\n<\/div>\n<\/div>\n<\/div>\n","protected":false},"excerpt":{"rendered":"<p>Erstmaliges Sichtbar-Machen der alten Geb\u00e4ude \u00fcber den Ruinen-Arealen. Nach \u00fcber 20 Jahren erfolgte Anfang Mai 2018 wieder ein Besuch der Gedenkst\u00e4tte Auschwitz-Birkenau. Mit dem entstandenen Fotomaterial in Kombination mit historischen Abbildungen k\u00f6nnen wir nun \u00fcber die jetzigen Ruinen bzw. gesprengten Geb\u00e4ude die urspr\u00fcngliche Geb\u00e4ude-Silhouetten setzen. Die Raumma\u00dfe und -dimensionen werden so im Gel\u00e4nde wieder sichtbar. [&hellip;]<\/p>\n","protected":false},"author":1,"featured_media":0,"parent":0,"menu_order":0,"comment_status":"closed","ping_status":"closed","template":"","meta":{"footnotes":""},"jetpack_sharing_enabled":true,"_links":{"self":[{"href":"https:\/\/www.rekonquista.de\/en\/wp-json\/wp\/v2\/pages\/2332"}],"collection":[{"href":"https:\/\/www.rekonquista.de\/en\/wp-json\/wp\/v2\/pages"}],"about":[{"href":"https:\/\/www.rekonquista.de\/en\/wp-json\/wp\/v2\/types\/page"}],"author":[{"embeddable":true,"href":"https:\/\/www.rekonquista.de\/en\/wp-json\/wp\/v2\/users\/1"}],"replies":[{"embeddable":true,"href":"https:\/\/www.rekonquista.de\/en\/wp-json\/wp\/v2\/comments?post=2332"}],"version-history":[{"count":2,"href":"https:\/\/www.rekonquista.de\/en\/wp-json\/wp\/v2\/pages\/2332\/revisions"}],"predecessor-version":[{"id":2437,"href":"https:\/\/www.rekonquista.de\/en\/wp-json\/wp\/v2\/pages\/2332\/revisions\/2437"}],"wp:attachment":[{"href":"https:\/\/www.rekonquista.de\/en\/wp-json\/wp\/v2\/media?parent=2332"}],"curies":[{"name":"wp","href":"https:\/\/api.w.org\/{rel}","templated":true}]}}