{"id":799,"date":"2017-10-17T08:46:22","date_gmt":"2017-10-17T06:46:22","guid":{"rendered":"http:\/\/www.rekonquista.de\/?page_id=799"},"modified":"2022-09-11T09:17:48","modified_gmt":"2022-09-11T07:17:48","slug":"pellerhaus-nuernberg-blaue-nacht-2017-fassade","status":"publish","type":"page","link":"https:\/\/www.rekonquista.de\/en\/pellerhaus-nuernberg-blaue-nacht-2017-fassade\/","title":{"rendered":"&#8220;Peller house&#8221; Nuremberg. Blue night 2017. Facade"},"content":{"rendered":"<header class=\"entry-header\">\n<h1 class=\"entry-title\">\u201eBlaue Nacht\u201c 2017. Pellerhaus-Fassade<\/h1>\n<\/header>\n<div class=\"entry-content\">\n<div class=\"entry-content\">\n<p>Anbei ein Blick in eine m\u00f6gliche Zukunft:<\/p>\n<p>Im Mai 2017 wird in N\u00fcrnberg die n\u00e4chste \u201eBlaue Nacht\u201c stattfinden. Unser Vorschlag: Warum nicht die zerst\u00f6rte Pellerhaus-Fassade an den jetzigen so hoch gelobten Nachkriegs-Bau projizieren?<\/p>\n<p>Zwei Arbeitsentw\u00fcrfe stellen wir zur Diskussion:<\/p>\n<ol>\n<li>Projektion der alten Fassade auf den fast dunklen Jetzt-Bau<\/li>\n<li>Projektion auf den die Jetzt-Fassade mit kompletter Fensterbeleuchtung. Beide Fassaden liegen hier gewisserma\u00dfen im Wettstreit<\/li>\n<\/ol>\n<p><img decoding=\"async\" loading=\"lazy\" class=\"alignnone wp-image-32\" src=\"https:\/\/i0.wp.com\/www.konservativekunst.de\/wp-content\/uploads\/2016\/06\/Blaue-Nacht-2017-N\u00fcrnberg-Pellerhaus-Fassade-1.jpg?resize=514%2C386\" alt=\"Blaue Nacht 2017 N\u00fcrnberg Pellerhaus Fassade\" width=\"514\" height=\"386\"  data-recalc-dims=\"1\"><\/p>\n<p><img decoding=\"async\" loading=\"lazy\" class=\"alignnone wp-image-32\" src=\"https:\/\/i0.wp.com\/www.konservativekunst.de\/wp-content\/uploads\/2016\/06\/Blaue-Nacht-2017-N\u00fcrnberg-Pellerhaus-Fassade-2.jpg?resize=515%2C197\" alt=\"Blaue Nacht 2017 N\u00fcrnberg Pellerhaus Fassade\" width=\"515\" height=\"197\"  data-recalc-dims=\"1\"><\/p>\n<\/div>\n<\/div>\n<footer class=\"entry-meta\"><span class=\"edit-link\"><a class=\"post-edit-link\" href=\"http:\/\/www.rekonquista.de\/wp-admin\/post.php?post=961&amp;action=edit&amp;lang=de\">Bearbeiten<\/a><\/span><\/footer>\n","protected":false},"excerpt":{"rendered":"<p>\u201eBlaue Nacht\u201c 2017. Pellerhaus-Fassade Anbei ein Blick in eine m\u00f6gliche Zukunft: Im Mai 2017 wird in N\u00fcrnberg die n\u00e4chste \u201eBlaue Nacht\u201c stattfinden. Unser Vorschlag: Warum nicht die zerst\u00f6rte Pellerhaus-Fassade an den jetzigen so hoch gelobten Nachkriegs-Bau projizieren? Zwei Arbeitsentw\u00fcrfe stellen wir zur Diskussion: Projektion der alten Fassade auf den fast dunklen Jetzt-Bau Projektion auf den [&hellip;]<\/p>\n","protected":false},"author":1,"featured_media":0,"parent":0,"menu_order":0,"comment_status":"closed","ping_status":"closed","template":"","meta":{"footnotes":""},"jetpack_sharing_enabled":true,"_links":{"self":[{"href":"https:\/\/www.rekonquista.de\/en\/wp-json\/wp\/v2\/pages\/799"}],"collection":[{"href":"https:\/\/www.rekonquista.de\/en\/wp-json\/wp\/v2\/pages"}],"about":[{"href":"https:\/\/www.rekonquista.de\/en\/wp-json\/wp\/v2\/types\/page"}],"author":[{"embeddable":true,"href":"https:\/\/www.rekonquista.de\/en\/wp-json\/wp\/v2\/users\/1"}],"replies":[{"embeddable":true,"href":"https:\/\/www.rekonquista.de\/en\/wp-json\/wp\/v2\/comments?post=799"}],"version-history":[{"count":4,"href":"https:\/\/www.rekonquista.de\/en\/wp-json\/wp\/v2\/pages\/799\/revisions"}],"predecessor-version":[{"id":20003,"href":"https:\/\/www.rekonquista.de\/en\/wp-json\/wp\/v2\/pages\/799\/revisions\/20003"}],"wp:attachment":[{"href":"https:\/\/www.rekonquista.de\/en\/wp-json\/wp\/v2\/media?parent=799"}],"curies":[{"name":"wp","href":"https:\/\/api.w.org\/{rel}","templated":true}]}}