{"id":807,"date":"2017-10-17T08:47:20","date_gmt":"2017-10-17T06:47:20","guid":{"rendered":"http:\/\/www.rekonquista.de\/?page_id=807"},"modified":"2017-10-18T07:46:25","modified_gmt":"2017-10-18T05:46:25","slug":"70-jahrestag-der-urteilsvollstreckungen","status":"publish","type":"page","link":"https:\/\/www.rekonquista.de\/en\/70-jahrestag-der-urteilsvollstreckungen\/","title":{"rendered":"70th anniversary. Prosecution of the 10 death penalties"},"content":{"rendered":"<div id=\"primary\" class=\"site-content\">\n<div id=\"content\" role=\"main\">\n<article id=\"post-595\" class=\"post-595 page type-page status-publish hentry\">\n<div class=\"entry-content\">\n<p><span id=\"result_box\" class=\"\" lang=\"en\"><span title=\"Es sei vorausgeschickt:\n\">It is preceded:<\/span><\/span><span id=\"result_box\" class=\"\" lang=\"en\"><span title=\"Es sei vorausgeschickt:\n\"><br \/>\n<\/span><\/span><span id=\"result_box\" class=\"\" lang=\"en\"><span title=\"Mit den zehn Personen, die im Rahmen des \u201eN\u00fcrnberger Hauptkriegsverbrecherprozesses\u201c am 16. Oktober 1946 geh\u00e4ngt wurden, haben wir als Galerie kein Mitleid.\n\">We have no compassion with the ten persons who were hanged as part of the &#8220;Nuremberg War Crimes Process&#8221; on 16 October 1946,as a gallery.<\/span><\/span><br \/>\n<span id=\"result_box\" class=\"\" lang=\"en\"><\/span><span id=\"result_box\" class=\"\" lang=\"en\"><span title=\"Die Individuen hatten sich freiwillig f\u00fcr das Unterst\u00fctzen und das \u201eAn-der-Macht-halten\u201c einer brutalen und menschenverachtenden Diktatur entschieden.\n\">The individuals had voluntarily opted for the support and &#8220;on-power-holding&#8221; of a brutal and despising dictatorship.<\/span><\/span><br \/>\n<span id=\"result_box\" class=\"\" lang=\"en\"><\/span><span id=\"result_box\" class=\"\" lang=\"en\"><span title=\"Sie wussten von den Verbrechen \u2013 und leisteten ihren Beitrag.\n\">They knew about the crimes &#8211; and made their contribution. They payed their price in the end for their individual contribution.<\/span><\/span><br \/>\n<span id=\"result_box\" class=\"\" lang=\"en\"><\/span><span id=\"result_box\" class=\"\" lang=\"en\"><span title=\"\u2014\n\">&#8212;<\/span><\/span><br \/>\n<span id=\"result_box\" class=\"\" lang=\"en\"><\/span><span id=\"result_box\" class=\"\" lang=\"en\"><span title=\"Mit dem Visualisieren des Holzbodens in der damaligen N\u00fcrnberger Gef\u00e4ngnisturnhalle (Gr\u00f6\u00dfe des Werkes: 110 x 60 cm; Acrylfarbe und Autolack auf Fichtenholz) erinnern wir aber daran, dass die Urteilsvollstreckungen dort in mehreren F\u00e4llen aus dem Ruder liefen.\">While visualization the the wooden floor in the former Nuremberg prison hall at the time (size of the work: 110 x 60 cm, acrylic paint and Autolack on spruce), we remind on the fact, that in several cases the verdicts were rund out of control. <\/span><span title=\"Der Holzboden bestand nach unseren Recherchen aus Fichtenholzbrettern.\">According to our research, the wooden floor was made of spruce boards. On it t<\/span><span title=\"Darauf ist das Resultat mehrerer misslungener Erh\u00e4ngungen zu sehen \u2013 Blut und K\u00f6rperausscheidungen.\n\">he result of several unsuccessful executions: blood and body excretions.<\/span><\/span><br \/>\n<span id=\"result_box\" class=\"\" lang=\"en\"><\/span><\/p>\n<\/div>\n<\/article>\n<\/div>\n<\/div>\n<div id=\"gt-res-dir-ctr\" class=\"trans-verified-button-small\" dir=\"ltr\"><span id=\"result_box\" class=\"\" lang=\"en\"><span title=\"So schreibt es zumindest Roy A. Martin in seinem Buch \u201eInside N\u00fcrnberg\u201c.\">This is what Roy A. Martin wrote in his book &#8220;Inside Nuremberg&#8221;. <\/span><span title=\"Als amerikanischer Milit\u00e4rarzt stellte er in der Nacht zum 16. Oktober 1946 den Tod der zehn Geh\u00e4ngten fest.\n\">As an American military doctor, he struck the deaths of the ten hungry on the night of 16 October 1946.<br \/>\n<\/span><span title=\"\u2014\n\">&#8211;<br \/>\n<\/span><span title=\"Die Urteile h\u00e4tten damals durch Erschie\u00dfen vollstreckt werden m\u00fcssen: Schnell, sicher und dem moralischen und juristischen Anspruch des \u201eN\u00fcrnberger Hauptkriegsverbrecherprozesses\u201c w\u00fcrdiger.\n\n\">The judgments should had been executed then by shooting: fast, secure and more worthy of the moral and juridical claim of the &#8220;Nuremberg war crimes trial&#8221;.<\/p>\n<p><\/span><span title=\"Das Motiv kann auch als Postkarte beim Verlag bestellt werden (siehe WERKE-Unterpunkt).\">The motif can also be ordered as a postcard at the publisher.<\/span><\/span><\/div>\n<div id=\"primary\" class=\"site-content\">\n<div id=\"content\" role=\"main\">\n<article id=\"post-595\" class=\"post-595 page type-page status-publish hentry\">\n<div class=\"entry-content\">\n<p><img decoding=\"async\" loading=\"lazy\" class=\"alignnone  wp-image-32\" src=\"https:\/\/i0.wp.com\/www.konservativekunst.de\/wp-content\/uploads\/2016\/06\/70-Jahre-N\u00fcrnberger-Prozess-Hinrichtung-16-Oktober-1946-Blut-70-anniversary-blood-Nuremberg-trial-16-october-1946.jpg?resize=625%2C1142\" alt=\"Blut Nuremberg trial 70th anniversary death penalties hanging execution\" width=\"625\" height=\"1142\" data-recalc-dims=\"1\" \/><\/p>\n<\/div>\n<\/article>\n<\/div>\n<\/div>\n<div id=\"secondary\" class=\"widget-area\" role=\"complementary\">\n<aside id=\"search-5\" class=\"widget widget_search\">\n<form id=\"searchform\" class=\"searchform\" role=\"search\" action=\"http:\/\/www.konservativekunst.de\/\" method=\"get\">\n<div><label class=\"screen-reader-text\" for=\"s\">Suche nach:<\/label> <input id=\"s\" name=\"s\" type=\"text\" value=\"\" \/><\/div>\n<\/form>\n<\/aside>\n<\/div>\n<div id=\"main\" class=\"wrapper\"><\/div>\n","protected":false},"excerpt":{"rendered":"<p>It is preceded: We have no compassion with the ten persons who were hanged as part of the &#8220;Nuremberg War Crimes Process&#8221; on 16 October 1946,as a gallery. The individuals had voluntarily opted for the support and &#8220;on-power-holding&#8221; of a brutal and despising dictatorship. They knew about the crimes &#8211; and made their contribution. They [&hellip;]<\/p>\n","protected":false},"author":1,"featured_media":0,"parent":0,"menu_order":0,"comment_status":"closed","ping_status":"closed","template":"","meta":{"footnotes":""},"jetpack_sharing_enabled":true,"_links":{"self":[{"href":"https:\/\/www.rekonquista.de\/en\/wp-json\/wp\/v2\/pages\/807"}],"collection":[{"href":"https:\/\/www.rekonquista.de\/en\/wp-json\/wp\/v2\/pages"}],"about":[{"href":"https:\/\/www.rekonquista.de\/en\/wp-json\/wp\/v2\/types\/page"}],"author":[{"embeddable":true,"href":"https:\/\/www.rekonquista.de\/en\/wp-json\/wp\/v2\/users\/1"}],"replies":[{"embeddable":true,"href":"https:\/\/www.rekonquista.de\/en\/wp-json\/wp\/v2\/comments?post=807"}],"version-history":[{"count":5,"href":"https:\/\/www.rekonquista.de\/en\/wp-json\/wp\/v2\/pages\/807\/revisions"}],"predecessor-version":[{"id":1412,"href":"https:\/\/www.rekonquista.de\/en\/wp-json\/wp\/v2\/pages\/807\/revisions\/1412"}],"wp:attachment":[{"href":"https:\/\/www.rekonquista.de\/en\/wp-json\/wp\/v2\/media?parent=807"}],"curies":[{"name":"wp","href":"https:\/\/api.w.org\/{rel}","templated":true}]}}